{"id":1910,"date":"2023-01-06T15:23:59","date_gmt":"2023-01-06T14:23:59","guid":{"rendered":"https:\/\/www.ergosum.fr\/?page_id=1910"},"modified":"2023-01-18T15:38:16","modified_gmt":"2023-01-18T14:38:16","slug":"maestrorgpd","status":"publish","type":"page","link":"https:\/\/www.ergosum.fr\/index.php\/maestrorgpd\/","title":{"rendered":"maestroRGPD"},"content":{"rendered":"\t\t<div data-elementor-type=\"wp-post\" data-elementor-id=\"1910\" class=\"elementor elementor-1910\">\n\t\t\t\t\t\t<div class=\"elementor-inner\">\n\t\t\t\t<div class=\"elementor-section-wrap\">\n\t\t\t\t\t\t\t\t\t<section class=\"elementor-section elementor-top-section elementor-element elementor-element-bccdb13 elementor-section-full_width elementor-section-height-default elementor-section-height-default\" data-id=\"bccdb13\" data-element_type=\"section\" data-settings=\"{&quot;background_background&quot;:&quot;classic&quot;}\">\n\t\t\t\t\t\t<div class=\"elementor-container elementor-column-gap-no\">\n\t\t\t\t\t\t\t<div class=\"elementor-row\">\n\t\t\t\t\t<div class=\"elementor-column elementor-col-100 elementor-top-column elementor-element elementor-element-4f21a74\" data-id=\"4f21a74\" data-element_type=\"column\" data-settings=\"{&quot;background_background&quot;:&quot;classic&quot;}\">\n\t\t\t<div class=\"elementor-column-wrap elementor-element-populated\">\n\t\t\t\t\t<div class=\"elementor-background-overlay\"><\/div>\n\t\t\t\t\t\t\t<div class=\"elementor-widget-wrap\">\n\t\t\t\t\t\t<div class=\"elementor-element elementor-element-27638da elementor-widget elementor-widget-image\" data-id=\"27638da\" data-element_type=\"widget\" data-widget_type=\"image.default\">\n\t\t\t\t<div class=\"elementor-widget-container\">\n\t\t\t\t\t\t\t\t<div class=\"elementor-image\">\n\t\t\t\t\t\t\t\t\t\t\t\t<img decoding=\"async\" width=\"300\" height=\"40\" src=\"https:\/\/www.ergosum.fr\/wp-content\/uploads\/2023\/01\/logo-blanc-maestrorgpd-1.png\" class=\"attachment-medium size-medium wp-image-2413\" alt=\"\" loading=\"lazy\" \/>\t\t\t\t\t\t\t\t\t\t\t\t\t\t<\/div>\n\t\t\t\t\t\t<\/div>\n\t\t\t\t<\/div>\n\t\t\t\t\t\t<\/div>\n\t\t\t\t\t<\/div>\n\t\t<\/div>\n\t\t\t\t\t\t\t\t<\/div>\n\t\t\t\t\t<\/div>\n\t\t<\/section>\n\t\t\t\t<section class=\"elementor-section elementor-top-section elementor-element elementor-element-07fff13 elementor-section-content-middle elementor-reverse-tablet elementor-reverse-mobile elementor-section-boxed elementor-section-height-default elementor-section-height-default\" data-id=\"07fff13\" data-element_type=\"section\">\n\t\t\t\t\t\t<div class=\"elementor-container elementor-column-gap-no\">\n\t\t\t\t\t\t\t<div class=\"elementor-row\">\n\t\t\t\t\t<div class=\"elementor-column elementor-col-50 elementor-top-column elementor-element elementor-element-a770f12\" data-id=\"a770f12\" data-element_type=\"column\">\n\t\t\t<div class=\"elementor-column-wrap elementor-element-populated\">\n\t\t\t\t\t\t\t<div class=\"elementor-widget-wrap\">\n\t\t\t\t\t\t<section class=\"elementor-section elementor-inner-section elementor-element elementor-element-408a9bc elementor-section-full_width elementor-section-content-middle elementor-section-height-default elementor-section-height-default\" data-id=\"408a9bc\" data-element_type=\"section\">\n\t\t\t\t\t\t<div class=\"elementor-container elementor-column-gap-no\">\n\t\t\t\t\t\t\t<div class=\"elementor-row\">\n\t\t\t\t\t<div class=\"elementor-column elementor-col-100 elementor-inner-column elementor-element elementor-element-9f62daf\" data-id=\"9f62daf\" data-element_type=\"column\">\n\t\t\t<div class=\"elementor-column-wrap elementor-element-populated\">\n\t\t\t\t\t\t\t<div class=\"elementor-widget-wrap\">\n\t\t\t\t\t\t<div class=\"elementor-element elementor-element-7cfcc54 title_section elementor-widget elementor-widget-heading\" data-id=\"7cfcc54\" data-element_type=\"widget\" data-widget_type=\"heading.default\">\n\t\t\t\t<div class=\"elementor-widget-container\">\n\t\t\t<p class=\"elementor-heading-title elementor-size-default\">Pilotez la mise en \u0153uvre des mesures organisationnelles et techniques relatives RGPD.<\/p>\t\t<\/div>\n\t\t\t\t<\/div>\n\t\t\t\t<div class=\"elementor-element elementor-element-4d44875 elementor-widget elementor-widget-heading\" data-id=\"4d44875\" data-element_type=\"widget\" data-widget_type=\"heading.default\">\n\t\t\t\t<div class=\"elementor-widget-container\">\n\t\t\t<p class=\"elementor-heading-title elementor-size-default\">Simplifiez la protection des donn\u00e9es dans le cadre de vos activit\u00e9s ou en cas de recours \u00e0 de la sous-traitance.<\/p>\t\t<\/div>\n\t\t\t\t<\/div>\n\t\t\t\t<div class=\"elementor-element elementor-element-fd263d9 elementor-widget elementor-widget-heading\" data-id=\"fd263d9\" data-element_type=\"widget\" data-widget_type=\"heading.default\">\n\t\t\t\t<div class=\"elementor-widget-container\">\n\t\t\t<p class=\"elementor-heading-title elementor-size-default\">Termin\u00e9s les outils complexes ! D\u00e9couvrez une solution \u00e9conomique, moderne, \u00e9pur\u00e9e et intuitive (prise en main sans formation), qui apportera un gain de temps pr\u00e9cieux \u00e0 tous les acteurs de vos projets (DSI, Directeur g\u00e9n\u00e9ral, DPO, m\u00e9tier, MOA, MOE, exploitation, juristes, RSSI, sous-traitants\u2026). Optez pour une solution qui offre la possibilit\u00e9 de tenir \u00e0 jour les registres de traitements et de violations de donn\u00e9es, de r\u00e9aliser des contr\u00f4les de conformit\u00e9 (audits) sur des traitements, activit\u00e9s m\u00e9tier ou support, de suivre la sous-traitance, de mettre en place des workflows de gestion des donn\u00e9es jusqu\u2019\u00e0 l\u2019archivage des fiches de traitements.<\/p>\t\t<\/div>\n\t\t\t\t<\/div>\n\t\t\t\t<div class=\"elementor-element elementor-element-612b99a elementor-align-left elementor-widget elementor-widget-button\" data-id=\"612b99a\" data-element_type=\"widget\" data-widget_type=\"button.default\">\n\t\t\t\t<div class=\"elementor-widget-container\">\n\t\t\t\t\t<div class=\"elementor-button-wrapper\">\n\t\t\t<a href=\"https:\/\/www.ergosum.fr\/index.php\/contact\/\" class=\"elementor-button-link elementor-button elementor-size-sm\" role=\"button\">\n\t\t\t\t\t\t<span class=\"elementor-button-content-wrapper\">\n\t\t\t\t\t\t<span class=\"elementor-button-text\">Tester et s'abonner<\/span>\n\t\t<\/span>\n\t\t\t\t\t<\/a>\n\t\t<\/div>\n\t\t\t\t<\/div>\n\t\t\t\t<\/div>\n\t\t\t\t\t\t<\/div>\n\t\t\t\t\t<\/div>\n\t\t<\/div>\n\t\t\t\t\t\t\t\t<\/div>\n\t\t\t\t\t<\/div>\n\t\t<\/section>\n\t\t\t\t\t\t<\/div>\n\t\t\t\t\t<\/div>\n\t\t<\/div>\n\t\t\t\t<div class=\"elementor-column elementor-col-50 elementor-top-column elementor-element elementor-element-a46a4c7\" data-id=\"a46a4c7\" data-element_type=\"column\">\n\t\t\t<div class=\"elementor-column-wrap elementor-element-populated\">\n\t\t\t\t\t\t\t<div class=\"elementor-widget-wrap\">\n\t\t\t\t\t\t<div class=\"elementor-element elementor-element-42ed750 elementor-absolute elementor-widget elementor-widget-image\" data-id=\"42ed750\" data-element_type=\"widget\" id=\"img-risques\" data-settings=\"{&quot;_position&quot;:&quot;absolute&quot;}\" data-widget_type=\"image.default\">\n\t\t\t\t<div class=\"elementor-widget-container\">\n\t\t\t\t\t\t\t\t<div class=\"elementor-image\">\n\t\t\t\t\t\t\t\t\t\t\t\t<img decoding=\"async\" width=\"800\" height=\"508\" src=\"https:\/\/www.ergosum.fr\/wp-content\/uploads\/2023\/01\/Accueil-dpo.jpg\" class=\"attachment-large size-large wp-image-2771\" alt=\"\" loading=\"lazy\" \/>\t\t\t\t\t\t\t\t\t\t\t\t\t\t<\/div>\n\t\t\t\t\t\t<\/div>\n\t\t\t\t<\/div>\n\t\t\t\t\t\t<\/div>\n\t\t\t\t\t<\/div>\n\t\t<\/div>\n\t\t\t\t\t\t\t\t<\/div>\n\t\t\t\t\t<\/div>\n\t\t<\/section>\n\t\t\t\t<footer class=\"elementor-section elementor-top-section elementor-element elementor-element-fcc5459 elementor-section-boxed elementor-section-height-default elementor-section-height-default\" data-id=\"fcc5459\" data-element_type=\"section\" data-settings=\"{&quot;background_background&quot;:&quot;classic&quot;}\">\n\t\t\t\t\t\t<div class=\"elementor-container elementor-column-gap-no\">\n\t\t\t\t\t\t\t<div class=\"elementor-row\">\n\t\t\t\t\t<div class=\"elementor-column elementor-col-100 elementor-top-column elementor-element elementor-element-0e9a7a7\" data-id=\"0e9a7a7\" data-element_type=\"column\">\n\t\t\t<div class=\"elementor-column-wrap elementor-element-populated\">\n\t\t\t\t\t\t\t<div class=\"elementor-widget-wrap\">\n\t\t\t\t\t\t<div class=\"elementor-element elementor-element-5eb3695 elementor-widget elementor-widget-heading\" data-id=\"5eb3695\" data-element_type=\"widget\" data-widget_type=\"heading.default\">\n\t\t\t\t<div class=\"elementor-widget-container\">\n\t\t\t<h2 class=\"elementor-heading-title elementor-size-default\">Restons en contact<\/h2>\t\t<\/div>\n\t\t\t\t<\/div>\n\t\t\t\t<div class=\"elementor-element elementor-element-479f422 elementor-shape-square elementor-grid-0 e-grid-align-center elementor-widget elementor-widget-social-icons\" data-id=\"479f422\" data-element_type=\"widget\" data-widget_type=\"social-icons.default\">\n\t\t\t\t<div class=\"elementor-widget-container\">\n\t\t\t\t\t<div class=\"elementor-social-icons-wrapper elementor-grid\">\n\t\t\t\t\t\t\t<span class=\"elementor-grid-item\">\n\t\t\t\t\t<a class=\"elementor-icon elementor-social-icon elementor-social-icon-facebook-f elementor-repeater-item-f509b2f\" target=\"_blank\">\n\t\t\t\t\t\t<span class=\"elementor-screen-only\">Facebook-f<\/span>\n\t\t\t\t\t\t<i class=\"fab fa-facebook-f\"><\/i>\t\t\t\t\t<\/a>\n\t\t\t\t<\/span>\n\t\t\t\t\t\t\t<span class=\"elementor-grid-item\">\n\t\t\t\t\t<a class=\"elementor-icon elementor-social-icon elementor-social-icon-twitter elementor-repeater-item-99bdbf1\" target=\"_blank\">\n\t\t\t\t\t\t<span class=\"elementor-screen-only\">Twitter<\/span>\n\t\t\t\t\t\t<i class=\"fab fa-twitter\"><\/i>\t\t\t\t\t<\/a>\n\t\t\t\t<\/span>\n\t\t\t\t\t\t\t<span class=\"elementor-grid-item\">\n\t\t\t\t\t<a class=\"elementor-icon elementor-social-icon elementor-social-icon-google-plus-g elementor-repeater-item-081eaec\" target=\"_blank\">\n\t\t\t\t\t\t<span class=\"elementor-screen-only\">Google-plus-g<\/span>\n\t\t\t\t\t\t<i class=\"fab fa-google-plus-g\"><\/i>\t\t\t\t\t<\/a>\n\t\t\t\t<\/span>\n\t\t\t\t\t<\/div>\n\t\t\t\t<\/div>\n\t\t\t\t<\/div>\n\t\t\t\t<section class=\"elementor-section elementor-inner-section elementor-element elementor-element-a0a0257 elementor-section-boxed elementor-section-height-default elementor-section-height-default\" data-id=\"a0a0257\" data-element_type=\"section\">\n\t\t\t\t\t\t<div class=\"elementor-container elementor-column-gap-default\">\n\t\t\t\t\t\t\t<div class=\"elementor-row\">\n\t\t\t\t\t<div class=\"elementor-column elementor-col-25 elementor-inner-column elementor-element elementor-element-7dfe113\" data-id=\"7dfe113\" data-element_type=\"column\">\n\t\t\t<div class=\"elementor-column-wrap elementor-element-populated\">\n\t\t\t\t\t\t\t<div class=\"elementor-widget-wrap\">\n\t\t\t\t\t\t<div class=\"elementor-element elementor-element-c27a223 elementor-align-center elementor-widget elementor-widget-button\" data-id=\"c27a223\" data-element_type=\"widget\" data-widget_type=\"button.default\">\n\t\t\t\t<div class=\"elementor-widget-container\">\n\t\t\t\t\t<div class=\"elementor-button-wrapper\">\n\t\t\t<a href=\"http:\/\/ergosum.fr\/index.php\/accueil\/\" class=\"elementor-button-link elementor-button elementor-size-sm\" role=\"button\">\n\t\t\t\t\t\t<span class=\"elementor-button-content-wrapper\">\n\t\t\t\t\t\t<span class=\"elementor-button-text\">Accueil<\/span>\n\t\t<\/span>\n\t\t\t\t\t<\/a>\n\t\t<\/div>\n\t\t\t\t<\/div>\n\t\t\t\t<\/div>\n\t\t\t\t\t\t<\/div>\n\t\t\t\t\t<\/div>\n\t\t<\/div>\n\t\t\t\t<div class=\"elementor-column elementor-col-25 elementor-inner-column elementor-element elementor-element-47fa6bf\" data-id=\"47fa6bf\" data-element_type=\"column\">\n\t\t\t<div class=\"elementor-column-wrap elementor-element-populated\">\n\t\t\t\t\t\t\t<div class=\"elementor-widget-wrap\">\n\t\t\t\t\t\t<div class=\"elementor-element elementor-element-bc5a7e7 elementor-align-center elementor-widget elementor-widget-button\" data-id=\"bc5a7e7\" data-element_type=\"widget\" data-widget_type=\"button.default\">\n\t\t\t\t<div class=\"elementor-widget-container\">\n\t\t\t\t\t<div class=\"elementor-button-wrapper\">\n\t\t\t<a href=\"http:\/\/ergosum.fr\/index.php\/projets\/\" class=\"elementor-button-link elementor-button elementor-size-sm\" role=\"button\">\n\t\t\t\t\t\t<span class=\"elementor-button-content-wrapper\">\n\t\t\t\t\t\t<span class=\"elementor-button-text\">Produits<\/span>\n\t\t<\/span>\n\t\t\t\t\t<\/a>\n\t\t<\/div>\n\t\t\t\t<\/div>\n\t\t\t\t<\/div>\n\t\t\t\t\t\t<\/div>\n\t\t\t\t\t<\/div>\n\t\t<\/div>\n\t\t\t\t<div class=\"elementor-column elementor-col-25 elementor-inner-column elementor-element elementor-element-9d540ac\" data-id=\"9d540ac\" data-element_type=\"column\">\n\t\t\t<div class=\"elementor-column-wrap elementor-element-populated\">\n\t\t\t\t\t\t\t<div class=\"elementor-widget-wrap\">\n\t\t\t\t\t\t<div class=\"elementor-element elementor-element-ab15f51 elementor-align-center elementor-widget elementor-widget-button\" data-id=\"ab15f51\" data-element_type=\"widget\" data-widget_type=\"button.default\">\n\t\t\t\t<div class=\"elementor-widget-container\">\n\t\t\t\t\t<div class=\"elementor-button-wrapper\">\n\t\t\t<a href=\"http:\/\/ergosum.fr\/index.php\/expertises\/\" class=\"elementor-button-link elementor-button elementor-size-sm\" role=\"button\">\n\t\t\t\t\t\t<span class=\"elementor-button-content-wrapper\">\n\t\t\t\t\t\t<span class=\"elementor-button-text\">Expertises<\/span>\n\t\t<\/span>\n\t\t\t\t\t<\/a>\n\t\t<\/div>\n\t\t\t\t<\/div>\n\t\t\t\t<\/div>\n\t\t\t\t\t\t<\/div>\n\t\t\t\t\t<\/div>\n\t\t<\/div>\n\t\t\t\t<div class=\"elementor-column elementor-col-25 elementor-inner-column elementor-element elementor-element-ae2fdd3\" data-id=\"ae2fdd3\" data-element_type=\"column\">\n\t\t\t<div class=\"elementor-column-wrap elementor-element-populated\">\n\t\t\t\t\t\t\t<div class=\"elementor-widget-wrap\">\n\t\t\t\t\t\t<div class=\"elementor-element elementor-element-a52c9d4 elementor-align-center career elementor-widget elementor-widget-button\" data-id=\"a52c9d4\" data-element_type=\"widget\" data-widget_type=\"button.default\">\n\t\t\t\t<div class=\"elementor-widget-container\">\n\t\t\t\t\t<div class=\"elementor-button-wrapper\">\n\t\t\t<a href=\"http:\/\/ergosum.fr\/index.php\/contact\/\" class=\"elementor-button-link elementor-button elementor-size-sm elementor-animation-grow\" role=\"button\">\n\t\t\t\t\t\t<span class=\"elementor-button-content-wrapper\">\n\t\t\t\t\t\t<span class=\"elementor-button-text\">Contact<\/span>\n\t\t<\/span>\n\t\t\t\t\t<\/a>\n\t\t<\/div>\n\t\t\t\t<\/div>\n\t\t\t\t<\/div>\n\t\t\t\t\t\t<\/div>\n\t\t\t\t\t<\/div>\n\t\t<\/div>\n\t\t\t\t\t\t\t\t<\/div>\n\t\t\t\t\t<\/div>\n\t\t<\/section>\n\t\t\t\t<section class=\"elementor-section elementor-inner-section elementor-element elementor-element-28a12e4 elementor-section-boxed elementor-section-height-default elementor-section-height-default\" data-id=\"28a12e4\" data-element_type=\"section\">\n\t\t\t\t\t\t<div class=\"elementor-container elementor-column-gap-default\">\n\t\t\t\t\t\t\t<div class=\"elementor-row\">\n\t\t\t\t\t<div class=\"elementor-column elementor-col-100 elementor-inner-column elementor-element elementor-element-ddc4bea\" data-id=\"ddc4bea\" data-element_type=\"column\">\n\t\t\t<div class=\"elementor-column-wrap elementor-element-populated\">\n\t\t\t\t\t\t\t<div class=\"elementor-widget-wrap\">\n\t\t\t\t\t\t<div class=\"elementor-element elementor-element-1e34c5d elementor-widget elementor-widget-text-editor\" data-id=\"1e34c5d\" data-element_type=\"widget\" data-widget_type=\"text-editor.default\">\n\t\t\t\t<div class=\"elementor-widget-container\">\n\t\t\t\t\t\t\t\t<div class=\"elementor-text-editor elementor-clearfix\">\n\t\t\t\t<p>\u00a9 2023 Ergosum. Tous droits r\u00e9serv\u00e9s.<\/p>\t\t\t\t\t<\/div>\n\t\t\t\t\t\t<\/div>\n\t\t\t\t<\/div>\n\t\t\t\t\t\t<\/div>\n\t\t\t\t\t<\/div>\n\t\t<\/div>\n\t\t\t\t\t\t\t\t<\/div>\n\t\t\t\t\t<\/div>\n\t\t<\/section>\n\t\t\t\t\t\t<\/div>\n\t\t\t\t\t<\/div>\n\t\t<\/div>\n\t\t\t\t\t\t\t\t<\/div>\n\t\t\t\t\t<\/div>\n\t\t<\/footer>\n\t\t\t\t\t\t\t\t\t<\/div>\n\t\t\t<\/div>\n\t\t\t\t\t<\/div>\n\t\t","protected":false},"excerpt":{"rendered":"<p>Pilotez la mise en \u0153uvre des mesures organisationnelles et techniques relatives RGPD. Simplifiez la protection des donn\u00e9es dans le cadre de vos activit\u00e9s ou en cas de recours \u00e0 de la sous-traitance. Termin\u00e9s les outils complexes ! D\u00e9couvrez une solution \u00e9conomique, moderne, \u00e9pur\u00e9e et intuitive (prise en main sans formation), qui apportera un gain de [&hellip;]<\/p>\n","protected":false},"author":1,"featured_media":0,"parent":0,"menu_order":0,"comment_status":"closed","ping_status":"closed","template":"","meta":{"_mi_skip_tracking":false},"yoast_head":"<!-- This site is optimized with the Yoast SEO plugin v19.13 - https:\/\/yoast.com\/wordpress\/plugins\/seo\/ -->\n<title>maestroRGPD - ERGOSUM<\/title>\n<meta name=\"robots\" content=\"index, follow, max-snippet:-1, max-image-preview:large, max-video-preview:-1\" \/>\n<link rel=\"canonical\" href=\"https:\/\/www.ergosum.fr\/index.php\/maestrorgpd\/\" \/>\n<meta property=\"og:locale\" content=\"fr_FR\" \/>\n<meta property=\"og:type\" content=\"article\" \/>\n<meta property=\"og:title\" content=\"maestroRGPD - ERGOSUM\" \/>\n<meta property=\"og:description\" content=\"Pilotez la mise en \u0153uvre des mesures organisationnelles et techniques relatives RGPD. Simplifiez la protection des donn\u00e9es dans le cadre de vos activit\u00e9s ou en cas de recours \u00e0 de la sous-traitance. Termin\u00e9s les outils complexes ! D\u00e9couvrez une solution \u00e9conomique, moderne, \u00e9pur\u00e9e et intuitive (prise en main sans formation), qui apportera un gain de [&hellip;]\" \/>\n<meta property=\"og:url\" content=\"https:\/\/www.ergosum.fr\/index.php\/maestrorgpd\/\" \/>\n<meta property=\"og:site_name\" content=\"ERGOSUM\" \/>\n<meta property=\"article:modified_time\" content=\"2023-01-18T14:38:16+00:00\" \/>\n<meta property=\"og:image\" content=\"https:\/\/www.ergosum.fr\/wp-content\/uploads\/2023\/01\/logo-blanc-maestrorgpd-1.png\" \/>\n<meta name=\"twitter:card\" content=\"summary_large_image\" \/>\n<meta name=\"twitter:label1\" content=\"Dur\u00e9e de lecture estim\u00e9e\" \/>\n\t<meta name=\"twitter:data1\" content=\"2 minutes\" \/>\n<script type=\"application\/ld+json\" class=\"yoast-schema-graph\">{\"@context\":\"https:\/\/schema.org\",\"@graph\":[{\"@type\":\"WebPage\",\"@id\":\"https:\/\/www.ergosum.fr\/index.php\/maestrorgpd\/\",\"url\":\"https:\/\/www.ergosum.fr\/index.php\/maestrorgpd\/\",\"name\":\"maestroRGPD - ERGOSUM\",\"isPartOf\":{\"@id\":\"https:\/\/www.ergosum.fr\/#website\"},\"datePublished\":\"2023-01-06T14:23:59+00:00\",\"dateModified\":\"2023-01-18T14:38:16+00:00\",\"breadcrumb\":{\"@id\":\"https:\/\/www.ergosum.fr\/index.php\/maestrorgpd\/#breadcrumb\"},\"inLanguage\":\"fr-FR\",\"potentialAction\":[{\"@type\":\"ReadAction\",\"target\":[\"https:\/\/www.ergosum.fr\/index.php\/maestrorgpd\/\"]}]},{\"@type\":\"BreadcrumbList\",\"@id\":\"https:\/\/www.ergosum.fr\/index.php\/maestrorgpd\/#breadcrumb\",\"itemListElement\":[{\"@type\":\"ListItem\",\"position\":1,\"name\":\"Accueil\",\"item\":\"https:\/\/www.ergosum.fr\/\"},{\"@type\":\"ListItem\",\"position\":2,\"name\":\"maestroRGPD\"}]},{\"@type\":\"WebSite\",\"@id\":\"https:\/\/www.ergosum.fr\/#website\",\"url\":\"https:\/\/www.ergosum.fr\/\",\"name\":\"ERGOSUM\",\"description\":\"Agence int\u00e9ractive\",\"publisher\":{\"@id\":\"https:\/\/www.ergosum.fr\/#organization\"},\"potentialAction\":[{\"@type\":\"SearchAction\",\"target\":{\"@type\":\"EntryPoint\",\"urlTemplate\":\"https:\/\/www.ergosum.fr\/?s={search_term_string}\"},\"query-input\":\"required name=search_term_string\"}],\"inLanguage\":\"fr-FR\"},{\"@type\":\"Organization\",\"@id\":\"https:\/\/www.ergosum.fr\/#organization\",\"name\":\"ERGOSUM\",\"url\":\"https:\/\/www.ergosum.fr\/\",\"logo\":{\"@type\":\"ImageObject\",\"inLanguage\":\"fr-FR\",\"@id\":\"https:\/\/www.ergosum.fr\/#\/schema\/logo\/image\/\",\"url\":\"https:\/\/www.ergosum.fr\/wp-content\/uploads\/2019\/06\/logo_ergosum.png\",\"contentUrl\":\"https:\/\/www.ergosum.fr\/wp-content\/uploads\/2019\/06\/logo_ergosum.png\",\"width\":665,\"height\":182,\"caption\":\"ERGOSUM\"},\"image\":{\"@id\":\"https:\/\/www.ergosum.fr\/#\/schema\/logo\/image\/\"}}]}<\/script>\n<!-- \/ Yoast SEO plugin. -->","yoast_head_json":{"title":"maestroRGPD - ERGOSUM","robots":{"index":"index","follow":"follow","max-snippet":"max-snippet:-1","max-image-preview":"max-image-preview:large","max-video-preview":"max-video-preview:-1"},"canonical":"https:\/\/www.ergosum.fr\/index.php\/maestrorgpd\/","og_locale":"fr_FR","og_type":"article","og_title":"maestroRGPD - ERGOSUM","og_description":"Pilotez la mise en \u0153uvre des mesures organisationnelles et techniques relatives RGPD. Simplifiez la protection des donn\u00e9es dans le cadre de vos activit\u00e9s ou en cas de recours \u00e0 de la sous-traitance. Termin\u00e9s les outils complexes ! D\u00e9couvrez une solution \u00e9conomique, moderne, \u00e9pur\u00e9e et intuitive (prise en main sans formation), qui apportera un gain de [&hellip;]","og_url":"https:\/\/www.ergosum.fr\/index.php\/maestrorgpd\/","og_site_name":"ERGOSUM","article_modified_time":"2023-01-18T14:38:16+00:00","og_image":[{"url":"https:\/\/www.ergosum.fr\/wp-content\/uploads\/2023\/01\/logo-blanc-maestrorgpd-1.png"}],"twitter_card":"summary_large_image","twitter_misc":{"Dur\u00e9e de lecture estim\u00e9e":"2 minutes"},"schema":{"@context":"https:\/\/schema.org","@graph":[{"@type":"WebPage","@id":"https:\/\/www.ergosum.fr\/index.php\/maestrorgpd\/","url":"https:\/\/www.ergosum.fr\/index.php\/maestrorgpd\/","name":"maestroRGPD - ERGOSUM","isPartOf":{"@id":"https:\/\/www.ergosum.fr\/#website"},"datePublished":"2023-01-06T14:23:59+00:00","dateModified":"2023-01-18T14:38:16+00:00","breadcrumb":{"@id":"https:\/\/www.ergosum.fr\/index.php\/maestrorgpd\/#breadcrumb"},"inLanguage":"fr-FR","potentialAction":[{"@type":"ReadAction","target":["https:\/\/www.ergosum.fr\/index.php\/maestrorgpd\/"]}]},{"@type":"BreadcrumbList","@id":"https:\/\/www.ergosum.fr\/index.php\/maestrorgpd\/#breadcrumb","itemListElement":[{"@type":"ListItem","position":1,"name":"Accueil","item":"https:\/\/www.ergosum.fr\/"},{"@type":"ListItem","position":2,"name":"maestroRGPD"}]},{"@type":"WebSite","@id":"https:\/\/www.ergosum.fr\/#website","url":"https:\/\/www.ergosum.fr\/","name":"ERGOSUM","description":"Agence int\u00e9ractive","publisher":{"@id":"https:\/\/www.ergosum.fr\/#organization"},"potentialAction":[{"@type":"SearchAction","target":{"@type":"EntryPoint","urlTemplate":"https:\/\/www.ergosum.fr\/?s={search_term_string}"},"query-input":"required name=search_term_string"}],"inLanguage":"fr-FR"},{"@type":"Organization","@id":"https:\/\/www.ergosum.fr\/#organization","name":"ERGOSUM","url":"https:\/\/www.ergosum.fr\/","logo":{"@type":"ImageObject","inLanguage":"fr-FR","@id":"https:\/\/www.ergosum.fr\/#\/schema\/logo\/image\/","url":"https:\/\/www.ergosum.fr\/wp-content\/uploads\/2019\/06\/logo_ergosum.png","contentUrl":"https:\/\/www.ergosum.fr\/wp-content\/uploads\/2019\/06\/logo_ergosum.png","width":665,"height":182,"caption":"ERGOSUM"},"image":{"@id":"https:\/\/www.ergosum.fr\/#\/schema\/logo\/image\/"}}]}},"_links":{"self":[{"href":"https:\/\/www.ergosum.fr\/index.php\/wp-json\/wp\/v2\/pages\/1910"}],"collection":[{"href":"https:\/\/www.ergosum.fr\/index.php\/wp-json\/wp\/v2\/pages"}],"about":[{"href":"https:\/\/www.ergosum.fr\/index.php\/wp-json\/wp\/v2\/types\/page"}],"author":[{"embeddable":true,"href":"https:\/\/www.ergosum.fr\/index.php\/wp-json\/wp\/v2\/users\/1"}],"replies":[{"embeddable":true,"href":"https:\/\/www.ergosum.fr\/index.php\/wp-json\/wp\/v2\/comments?post=1910"}],"version-history":[{"count":58,"href":"https:\/\/www.ergosum.fr\/index.php\/wp-json\/wp\/v2\/pages\/1910\/revisions"}],"predecessor-version":[{"id":2833,"href":"https:\/\/www.ergosum.fr\/index.php\/wp-json\/wp\/v2\/pages\/1910\/revisions\/2833"}],"wp:attachment":[{"href":"https:\/\/www.ergosum.fr\/index.php\/wp-json\/wp\/v2\/media?parent=1910"}],"curies":[{"name":"wp","href":"https:\/\/api.w.org\/{rel}","templated":true}]}}