{"id":68,"date":"2019-05-17T09:04:16","date_gmt":"2019-05-17T07:04:16","guid":{"rendered":"http:\/\/ergosum.fr\/?page_id=68"},"modified":"2023-01-19T09:54:24","modified_gmt":"2023-01-19T08:54:24","slug":"recrutement","status":"publish","type":"page","link":"https:\/\/www.ergosum.fr\/index.php\/recrutement\/","title":{"rendered":"Recrutement"},"content":{"rendered":"\t\t<div data-elementor-type=\"wp-post\" data-elementor-id=\"68\" class=\"elementor elementor-68\">\n\t\t\t\t\t\t<div class=\"elementor-inner\">\n\t\t\t\t<div class=\"elementor-section-wrap\">\n\t\t\t\t\t\t\t\t\t<header class=\"elementor-section elementor-top-section elementor-element elementor-element-4fd4d033 elementor-section-full_width elementor-section-height-min-height elementor-section-height-default elementor-section-items-middle\" data-id=\"4fd4d033\" data-element_type=\"section\" id=\"recrutement\">\n\t\t\t\t\t\t<div class=\"elementor-container elementor-column-gap-no\">\n\t\t\t\t\t\t\t<div class=\"elementor-row\">\n\t\t\t\t\t<div class=\"elementor-column elementor-col-100 elementor-top-column elementor-element elementor-element-13f467e8\" data-id=\"13f467e8\" data-element_type=\"column\" data-settings=\"{&quot;background_background&quot;:&quot;classic&quot;}\">\n\t\t\t<div class=\"elementor-column-wrap elementor-element-populated\">\n\t\t\t\t\t\t\t<div class=\"elementor-widget-wrap\">\n\t\t\t\t\t\t<div class=\"elementor-element elementor-element-3a21c59c elementor-widget elementor-widget-heading\" data-id=\"3a21c59c\" data-element_type=\"widget\" id=\"expertises_title\" data-widget_type=\"heading.default\">\n\t\t\t\t<div class=\"elementor-widget-container\">\n\t\t\t<h2 class=\"elementor-heading-title elementor-size-default\">Recrutement<\/h2>\t\t<\/div>\n\t\t\t\t<\/div>\n\t\t\t\t\t\t<\/div>\n\t\t\t\t\t<\/div>\n\t\t<\/div>\n\t\t\t\t\t\t\t\t<\/div>\n\t\t\t\t\t<\/div>\n\t\t<\/header>\n\t\t\t\t<section class=\"elementor-section elementor-top-section elementor-element elementor-element-3fee3e8 elementor-section-full_width elementor-section-height-default elementor-section-height-default\" data-id=\"3fee3e8\" data-element_type=\"section\">\n\t\t\t\t\t\t<div class=\"elementor-container elementor-column-gap-no\">\n\t\t\t\t\t\t\t<div class=\"elementor-row\">\n\t\t\t\t\t<div class=\"elementor-column elementor-col-100 elementor-top-column elementor-element elementor-element-c6ac568\" data-id=\"c6ac568\" data-element_type=\"column\">\n\t\t\t<div class=\"elementor-column-wrap elementor-element-populated\">\n\t\t\t\t\t\t\t<div class=\"elementor-widget-wrap\">\n\t\t\t\t\t\t<div class=\"elementor-element elementor-element-cee2dc4 elementor-widget elementor-widget-heading\" data-id=\"cee2dc4\" data-element_type=\"widget\" data-widget_type=\"heading.default\">\n\t\t\t\t<div class=\"elementor-widget-container\">\n\t\t\t<h3 class=\"elementor-heading-title elementor-size-default\">Ergosum au travail<\/h3>\t\t<\/div>\n\t\t\t\t<\/div>\n\t\t\t\t<section class=\"elementor-section elementor-inner-section elementor-element elementor-element-615cc10 elementor-section-full_width elementor-section-height-default elementor-section-height-default\" data-id=\"615cc10\" data-element_type=\"section\">\n\t\t\t\t\t\t<div class=\"elementor-container elementor-column-gap-default\">\n\t\t\t\t\t\t\t<div class=\"elementor-row\">\n\t\t\t\t\t<div class=\"elementor-column elementor-col-33 elementor-inner-column elementor-element elementor-element-20daa31\" data-id=\"20daa31\" data-element_type=\"column\">\n\t\t\t<div class=\"elementor-column-wrap elementor-element-populated\">\n\t\t\t\t\t\t\t<div class=\"elementor-widget-wrap\">\n\t\t\t\t\t\t<div class=\"elementor-element elementor-element-bfbd25c elementor-widget elementor-widget-heading\" data-id=\"bfbd25c\" data-element_type=\"widget\" data-widget_type=\"heading.default\">\n\t\t\t\t<div class=\"elementor-widget-container\">\n\t\t\t<p class=\"elementor-heading-title elementor-size-default\">A quoi \u00e7a ressemble ?<\/p>\t\t<\/div>\n\t\t\t\t<\/div>\n\t\t\t\t<div class=\"elementor-element elementor-element-4bf8b51 elementor-widget elementor-widget-heading\" data-id=\"4bf8b51\" data-element_type=\"widget\" data-widget_type=\"heading.default\">\n\t\t\t\t<div class=\"elementor-widget-container\">\n\t\t\t<p class=\"elementor-heading-title elementor-size-default\">C\u2019est avant tout un environnement dynamique et motivant. Une chance de pouvoir organiser soi-m\u00eame son  activit\u00e9 quotidienne et de pouvoir mener en toute autonomie des travaux \u00e0 la port\u00e9e de ses comp\u00e9tences. Travailler chez Ergosum, c\u2019est avoir des interactions avec des  interlocuteurs aux comp\u00e9tences vari\u00e9es et l'objectif de satisfaire les clients et co\u00e9quipiers dans chacun des projets. <\/p>\t\t<\/div>\n\t\t\t\t<\/div>\n\t\t\t\t\t\t<\/div>\n\t\t\t\t\t<\/div>\n\t\t<\/div>\n\t\t\t\t<div class=\"elementor-column elementor-col-33 elementor-inner-column elementor-element elementor-element-90badc0\" data-id=\"90badc0\" data-element_type=\"column\">\n\t\t\t<div class=\"elementor-column-wrap elementor-element-populated\">\n\t\t\t\t\t\t\t<div class=\"elementor-widget-wrap\">\n\t\t\t\t\t\t<div class=\"elementor-element elementor-element-aacb4dd elementor-widget elementor-widget-heading\" data-id=\"aacb4dd\" data-element_type=\"widget\" data-widget_type=\"heading.default\">\n\t\t\t\t<div class=\"elementor-widget-container\">\n\t\t\t<p class=\"elementor-heading-title elementor-size-default\">B\u00e9n\u00e9fices<\/p>\t\t<\/div>\n\t\t\t\t<\/div>\n\t\t\t\t<div class=\"elementor-element elementor-element-041a987 elementor-widget elementor-widget-heading\" data-id=\"041a987\" data-element_type=\"widget\" data-widget_type=\"heading.default\">\n\t\t\t\t<div class=\"elementor-widget-container\">\n\t\t\t<p class=\"elementor-heading-title elementor-size-default\">Travaillez sans pression, dans la joie et la bonne humeur, au sein d\u2019une entreprise \u00e0 taille humaine. Et d\u00e9couvrez une vie professionnelle souple qui offre plus de libert\u00e9 aux salari\u00e9s.<\/p> <br>\n<p><b>Possibilit\u00e9s :<\/b> T\u00e9l\u00e9travail, coworking, \u00ab\u00a0Cocons ERGOSUM\u00a0\u00bb mensuels ou trimestriels.<\/p><\/p>\t\t<\/div>\n\t\t\t\t<\/div>\n\t\t\t\t\t\t<\/div>\n\t\t\t\t\t<\/div>\n\t\t<\/div>\n\t\t\t\t<div class=\"elementor-column elementor-col-33 elementor-inner-column elementor-element elementor-element-558aa22 elementor-hidden-tablet elementor-hidden-phone\" data-id=\"558aa22\" data-element_type=\"column\">\n\t\t\t<div class=\"elementor-column-wrap elementor-element-populated\">\n\t\t\t\t\t\t\t<div class=\"elementor-widget-wrap\">\n\t\t\t\t\t\t<div class=\"elementor-element elementor-element-56005f8 elementor-absolute elementor-widget elementor-widget-image\" data-id=\"56005f8\" data-element_type=\"widget\" id=\"image_work_ergo\" data-settings=\"{&quot;_position&quot;:&quot;absolute&quot;}\" data-widget_type=\"image.default\">\n\t\t\t\t<div class=\"elementor-widget-container\">\n\t\t\t\t\t\t\t\t<div class=\"elementor-image\">\n\t\t\t\t\t\t\t\t\t\t\t\t<img decoding=\"async\" width=\"774\" height=\"716\" src=\"https:\/\/www.ergosum.fr\/wp-content\/uploads\/2019\/05\/carriere-photo-min.jpg\" class=\"attachment-large size-large wp-image-686\" alt=\"\" loading=\"lazy\" \/>\t\t\t\t\t\t\t\t\t\t\t\t\t\t<\/div>\n\t\t\t\t\t\t<\/div>\n\t\t\t\t<\/div>\n\t\t\t\t\t\t<\/div>\n\t\t\t\t\t<\/div>\n\t\t<\/div>\n\t\t\t\t\t\t\t\t<\/div>\n\t\t\t\t\t<\/div>\n\t\t<\/section>\n\t\t\t\t\t\t<\/div>\n\t\t\t\t\t<\/div>\n\t\t<\/div>\n\t\t\t\t\t\t\t\t<\/div>\n\t\t\t\t\t<\/div>\n\t\t<\/section>\n\t\t\t\t<footer class=\"elementor-section elementor-top-section elementor-element elementor-element-6d396216 elementor-section-boxed elementor-section-height-default elementor-section-height-default\" data-id=\"6d396216\" data-element_type=\"section\" id=\"footer\" data-settings=\"{&quot;background_background&quot;:&quot;classic&quot;}\">\n\t\t\t\t\t\t<div class=\"elementor-container elementor-column-gap-no\">\n\t\t\t\t\t\t\t<div class=\"elementor-row\">\n\t\t\t\t\t<div class=\"elementor-column elementor-col-100 elementor-top-column elementor-element elementor-element-1e1560bd\" data-id=\"1e1560bd\" data-element_type=\"column\">\n\t\t\t<div class=\"elementor-column-wrap elementor-element-populated\">\n\t\t\t\t\t\t\t<div class=\"elementor-widget-wrap\">\n\t\t\t\t\t\t<div class=\"elementor-element elementor-element-1da00325 elementor-widget elementor-widget-heading\" data-id=\"1da00325\" data-element_type=\"widget\" data-widget_type=\"heading.default\">\n\t\t\t\t<div class=\"elementor-widget-container\">\n\t\t\t<h2 class=\"elementor-heading-title elementor-size-default\">Restons en contact<\/h2>\t\t<\/div>\n\t\t\t\t<\/div>\n\t\t\t\t<div class=\"elementor-element elementor-element-e7b7287 elementor-shape-square elementor-grid-0 e-grid-align-center elementor-widget elementor-widget-social-icons\" data-id=\"e7b7287\" data-element_type=\"widget\" data-widget_type=\"social-icons.default\">\n\t\t\t\t<div class=\"elementor-widget-container\">\n\t\t\t\t\t<div class=\"elementor-social-icons-wrapper elementor-grid\">\n\t\t\t\t\t\t\t<span class=\"elementor-grid-item\">\n\t\t\t\t\t<a class=\"elementor-icon elementor-social-icon elementor-social-icon-facebook-f elementor-repeater-item-f509b2f\" target=\"_blank\">\n\t\t\t\t\t\t<span class=\"elementor-screen-only\">Facebook-f<\/span>\n\t\t\t\t\t\t<i class=\"fab fa-facebook-f\"><\/i>\t\t\t\t\t<\/a>\n\t\t\t\t<\/span>\n\t\t\t\t\t\t\t<span class=\"elementor-grid-item\">\n\t\t\t\t\t<a class=\"elementor-icon elementor-social-icon elementor-social-icon-twitter elementor-repeater-item-99bdbf1\" target=\"_blank\">\n\t\t\t\t\t\t<span class=\"elementor-screen-only\">Twitter<\/span>\n\t\t\t\t\t\t<i class=\"fab fa-twitter\"><\/i>\t\t\t\t\t<\/a>\n\t\t\t\t<\/span>\n\t\t\t\t\t\t\t<span class=\"elementor-grid-item\">\n\t\t\t\t\t<a class=\"elementor-icon elementor-social-icon elementor-social-icon-google-plus-g elementor-repeater-item-081eaec\" target=\"_blank\">\n\t\t\t\t\t\t<span class=\"elementor-screen-only\">Google-plus-g<\/span>\n\t\t\t\t\t\t<i class=\"fab fa-google-plus-g\"><\/i>\t\t\t\t\t<\/a>\n\t\t\t\t<\/span>\n\t\t\t\t\t<\/div>\n\t\t\t\t<\/div>\n\t\t\t\t<\/div>\n\t\t\t\t<section class=\"elementor-section elementor-inner-section elementor-element elementor-element-28649a13 elementor-section-boxed elementor-section-height-default elementor-section-height-default\" data-id=\"28649a13\" data-element_type=\"section\">\n\t\t\t\t\t\t<div class=\"elementor-container elementor-column-gap-default\">\n\t\t\t\t\t\t\t<div class=\"elementor-row\">\n\t\t\t\t\t<div class=\"elementor-column elementor-col-25 elementor-inner-column elementor-element elementor-element-6e693c59\" data-id=\"6e693c59\" data-element_type=\"column\">\n\t\t\t<div class=\"elementor-column-wrap elementor-element-populated\">\n\t\t\t\t\t\t\t<div class=\"elementor-widget-wrap\">\n\t\t\t\t\t\t<div class=\"elementor-element elementor-element-42c2110c elementor-align-center elementor-widget elementor-widget-button\" data-id=\"42c2110c\" data-element_type=\"widget\" data-widget_type=\"button.default\">\n\t\t\t\t<div class=\"elementor-widget-container\">\n\t\t\t\t\t<div class=\"elementor-button-wrapper\">\n\t\t\t<a href=\"http:\/\/ergosum.fr\/index.php\/accueil\/\" class=\"elementor-button-link elementor-button elementor-size-sm\" role=\"button\">\n\t\t\t\t\t\t<span class=\"elementor-button-content-wrapper\">\n\t\t\t\t\t\t<span class=\"elementor-button-text\">Accueil<\/span>\n\t\t<\/span>\n\t\t\t\t\t<\/a>\n\t\t<\/div>\n\t\t\t\t<\/div>\n\t\t\t\t<\/div>\n\t\t\t\t\t\t<\/div>\n\t\t\t\t\t<\/div>\n\t\t<\/div>\n\t\t\t\t<div class=\"elementor-column elementor-col-25 elementor-inner-column elementor-element elementor-element-cbd5e1d\" data-id=\"cbd5e1d\" data-element_type=\"column\">\n\t\t\t<div class=\"elementor-column-wrap elementor-element-populated\">\n\t\t\t\t\t\t\t<div class=\"elementor-widget-wrap\">\n\t\t\t\t\t\t<div class=\"elementor-element elementor-element-262ee377 elementor-align-center elementor-widget elementor-widget-button\" data-id=\"262ee377\" data-element_type=\"widget\" data-widget_type=\"button.default\">\n\t\t\t\t<div class=\"elementor-widget-container\">\n\t\t\t\t\t<div class=\"elementor-button-wrapper\">\n\t\t\t<a href=\"http:\/\/ergosum.fr\/index.php\/projets\/\" class=\"elementor-button-link elementor-button elementor-size-sm\" role=\"button\">\n\t\t\t\t\t\t<span class=\"elementor-button-content-wrapper\">\n\t\t\t\t\t\t<span class=\"elementor-button-text\">Produits<\/span>\n\t\t<\/span>\n\t\t\t\t\t<\/a>\n\t\t<\/div>\n\t\t\t\t<\/div>\n\t\t\t\t<\/div>\n\t\t\t\t\t\t<\/div>\n\t\t\t\t\t<\/div>\n\t\t<\/div>\n\t\t\t\t<div class=\"elementor-column elementor-col-25 elementor-inner-column elementor-element elementor-element-7c9df3f9\" data-id=\"7c9df3f9\" data-element_type=\"column\">\n\t\t\t<div class=\"elementor-column-wrap elementor-element-populated\">\n\t\t\t\t\t\t\t<div class=\"elementor-widget-wrap\">\n\t\t\t\t\t\t<div class=\"elementor-element elementor-element-698d33fe elementor-align-center elementor-widget elementor-widget-button\" data-id=\"698d33fe\" data-element_type=\"widget\" data-widget_type=\"button.default\">\n\t\t\t\t<div class=\"elementor-widget-container\">\n\t\t\t\t\t<div class=\"elementor-button-wrapper\">\n\t\t\t<a href=\"http:\/\/ergosum.fr\/index.php\/expertises\/\" class=\"elementor-button-link elementor-button elementor-size-sm\" role=\"button\">\n\t\t\t\t\t\t<span class=\"elementor-button-content-wrapper\">\n\t\t\t\t\t\t<span class=\"elementor-button-text\">Expertises<\/span>\n\t\t<\/span>\n\t\t\t\t\t<\/a>\n\t\t<\/div>\n\t\t\t\t<\/div>\n\t\t\t\t<\/div>\n\t\t\t\t\t\t<\/div>\n\t\t\t\t\t<\/div>\n\t\t<\/div>\n\t\t\t\t<div class=\"elementor-column elementor-col-25 elementor-inner-column elementor-element elementor-element-5b845f08\" data-id=\"5b845f08\" data-element_type=\"column\">\n\t\t\t<div class=\"elementor-column-wrap elementor-element-populated\">\n\t\t\t\t\t\t\t<div class=\"elementor-widget-wrap\">\n\t\t\t\t\t\t<div class=\"elementor-element elementor-element-4a97692d elementor-align-center career elementor-widget elementor-widget-button\" data-id=\"4a97692d\" data-element_type=\"widget\" data-widget_type=\"button.default\">\n\t\t\t\t<div class=\"elementor-widget-container\">\n\t\t\t\t\t<div class=\"elementor-button-wrapper\">\n\t\t\t<a href=\"http:\/\/ergosum.fr\/index.php\/contact\/\" class=\"elementor-button-link elementor-button elementor-size-sm elementor-animation-grow\" role=\"button\">\n\t\t\t\t\t\t<span class=\"elementor-button-content-wrapper\">\n\t\t\t\t\t\t<span class=\"elementor-button-text\">Contact<\/span>\n\t\t<\/span>\n\t\t\t\t\t<\/a>\n\t\t<\/div>\n\t\t\t\t<\/div>\n\t\t\t\t<\/div>\n\t\t\t\t\t\t<\/div>\n\t\t\t\t\t<\/div>\n\t\t<\/div>\n\t\t\t\t\t\t\t\t<\/div>\n\t\t\t\t\t<\/div>\n\t\t<\/section>\n\t\t\t\t<section class=\"elementor-section elementor-inner-section elementor-element elementor-element-5a28225c elementor-section-boxed elementor-section-height-default elementor-section-height-default\" data-id=\"5a28225c\" data-element_type=\"section\">\n\t\t\t\t\t\t<div class=\"elementor-container elementor-column-gap-default\">\n\t\t\t\t\t\t\t<div class=\"elementor-row\">\n\t\t\t\t\t<div class=\"elementor-column elementor-col-100 elementor-inner-column elementor-element elementor-element-45dfc82\" data-id=\"45dfc82\" data-element_type=\"column\">\n\t\t\t<div class=\"elementor-column-wrap elementor-element-populated\">\n\t\t\t\t\t\t\t<div class=\"elementor-widget-wrap\">\n\t\t\t\t\t\t<div class=\"elementor-element elementor-element-2ec51a82 elementor-widget elementor-widget-text-editor\" data-id=\"2ec51a82\" data-element_type=\"widget\" data-widget_type=\"text-editor.default\">\n\t\t\t\t<div class=\"elementor-widget-container\">\n\t\t\t\t\t\t\t\t<div class=\"elementor-text-editor elementor-clearfix\">\n\t\t\t\t<p>\u00a9 2023 Ergosum. Tous droits r\u00e9serv\u00e9s.<\/p>\t\t\t\t\t<\/div>\n\t\t\t\t\t\t<\/div>\n\t\t\t\t<\/div>\n\t\t\t\t\t\t<\/div>\n\t\t\t\t\t<\/div>\n\t\t<\/div>\n\t\t\t\t\t\t\t\t<\/div>\n\t\t\t\t\t<\/div>\n\t\t<\/section>\n\t\t\t\t\t\t<\/div>\n\t\t\t\t\t<\/div>\n\t\t<\/div>\n\t\t\t\t\t\t\t\t<\/div>\n\t\t\t\t\t<\/div>\n\t\t<\/footer>\n\t\t\t\t\t\t\t\t\t<\/div>\n\t\t\t<\/div>\n\t\t\t\t\t<\/div>\n\t\t","protected":false},"excerpt":{"rendered":"<p>Recrutement Ergosum au travail A quoi \u00e7a ressemble ? C\u2019est avant tout un environnement dynamique et motivant. Une chance de pouvoir organiser soi-m\u00eame son activit\u00e9 quotidienne et de pouvoir mener en toute autonomie des travaux \u00e0 la port\u00e9e de ses comp\u00e9tences. Travailler chez Ergosum, c\u2019est avoir des interactions avec des interlocuteurs aux comp\u00e9tences vari\u00e9es et [&hellip;]<\/p>\n","protected":false},"author":1,"featured_media":0,"parent":0,"menu_order":0,"comment_status":"closed","ping_status":"closed","template":"","meta":{"_mi_skip_tracking":false},"yoast_head":"<!-- This site is optimized with the Yoast SEO plugin v19.13 - https:\/\/yoast.com\/wordpress\/plugins\/seo\/ -->\n<title>Recrutement - ERGOSUM<\/title>\n<meta name=\"robots\" content=\"index, follow, max-snippet:-1, max-image-preview:large, max-video-preview:-1\" \/>\n<link rel=\"canonical\" href=\"https:\/\/www.ergosum.fr\/index.php\/recrutement\/\" \/>\n<meta property=\"og:locale\" content=\"fr_FR\" \/>\n<meta property=\"og:type\" content=\"article\" \/>\n<meta property=\"og:title\" content=\"Recrutement - ERGOSUM\" \/>\n<meta property=\"og:description\" content=\"Recrutement Ergosum au travail A quoi \u00e7a ressemble ? C\u2019est avant tout un environnement dynamique et motivant. Une chance de pouvoir organiser soi-m\u00eame son activit\u00e9 quotidienne et de pouvoir mener en toute autonomie des travaux \u00e0 la port\u00e9e de ses comp\u00e9tences. Travailler chez Ergosum, c\u2019est avoir des interactions avec des interlocuteurs aux comp\u00e9tences vari\u00e9es et [&hellip;]\" \/>\n<meta property=\"og:url\" content=\"https:\/\/www.ergosum.fr\/index.php\/recrutement\/\" \/>\n<meta property=\"og:site_name\" content=\"ERGOSUM\" \/>\n<meta property=\"article:modified_time\" content=\"2023-01-19T08:54:24+00:00\" \/>\n<meta property=\"og:image\" content=\"https:\/\/www.ergosum.fr\/wp-content\/uploads\/2019\/05\/carriere-photo-min.jpg\" \/>\n<meta name=\"twitter:card\" content=\"summary_large_image\" \/>\n<meta name=\"twitter:label1\" content=\"Dur\u00e9e de lecture estim\u00e9e\" \/>\n\t<meta name=\"twitter:data1\" content=\"1 minute\" \/>\n<script type=\"application\/ld+json\" class=\"yoast-schema-graph\">{\"@context\":\"https:\/\/schema.org\",\"@graph\":[{\"@type\":\"WebPage\",\"@id\":\"https:\/\/www.ergosum.fr\/index.php\/recrutement\/\",\"url\":\"https:\/\/www.ergosum.fr\/index.php\/recrutement\/\",\"name\":\"Recrutement - ERGOSUM\",\"isPartOf\":{\"@id\":\"https:\/\/www.ergosum.fr\/#website\"},\"datePublished\":\"2019-05-17T07:04:16+00:00\",\"dateModified\":\"2023-01-19T08:54:24+00:00\",\"breadcrumb\":{\"@id\":\"https:\/\/www.ergosum.fr\/index.php\/recrutement\/#breadcrumb\"},\"inLanguage\":\"fr-FR\",\"potentialAction\":[{\"@type\":\"ReadAction\",\"target\":[\"https:\/\/www.ergosum.fr\/index.php\/recrutement\/\"]}]},{\"@type\":\"BreadcrumbList\",\"@id\":\"https:\/\/www.ergosum.fr\/index.php\/recrutement\/#breadcrumb\",\"itemListElement\":[{\"@type\":\"ListItem\",\"position\":1,\"name\":\"Accueil\",\"item\":\"https:\/\/www.ergosum.fr\/\"},{\"@type\":\"ListItem\",\"position\":2,\"name\":\"Recrutement\"}]},{\"@type\":\"WebSite\",\"@id\":\"https:\/\/www.ergosum.fr\/#website\",\"url\":\"https:\/\/www.ergosum.fr\/\",\"name\":\"ERGOSUM\",\"description\":\"Agence int\u00e9ractive\",\"publisher\":{\"@id\":\"https:\/\/www.ergosum.fr\/#organization\"},\"potentialAction\":[{\"@type\":\"SearchAction\",\"target\":{\"@type\":\"EntryPoint\",\"urlTemplate\":\"https:\/\/www.ergosum.fr\/?s={search_term_string}\"},\"query-input\":\"required name=search_term_string\"}],\"inLanguage\":\"fr-FR\"},{\"@type\":\"Organization\",\"@id\":\"https:\/\/www.ergosum.fr\/#organization\",\"name\":\"ERGOSUM\",\"url\":\"https:\/\/www.ergosum.fr\/\",\"logo\":{\"@type\":\"ImageObject\",\"inLanguage\":\"fr-FR\",\"@id\":\"https:\/\/www.ergosum.fr\/#\/schema\/logo\/image\/\",\"url\":\"https:\/\/www.ergosum.fr\/wp-content\/uploads\/2019\/06\/logo_ergosum.png\",\"contentUrl\":\"https:\/\/www.ergosum.fr\/wp-content\/uploads\/2019\/06\/logo_ergosum.png\",\"width\":665,\"height\":182,\"caption\":\"ERGOSUM\"},\"image\":{\"@id\":\"https:\/\/www.ergosum.fr\/#\/schema\/logo\/image\/\"}}]}<\/script>\n<!-- \/ Yoast SEO plugin. -->","yoast_head_json":{"title":"Recrutement - ERGOSUM","robots":{"index":"index","follow":"follow","max-snippet":"max-snippet:-1","max-image-preview":"max-image-preview:large","max-video-preview":"max-video-preview:-1"},"canonical":"https:\/\/www.ergosum.fr\/index.php\/recrutement\/","og_locale":"fr_FR","og_type":"article","og_title":"Recrutement - ERGOSUM","og_description":"Recrutement Ergosum au travail A quoi \u00e7a ressemble ? C\u2019est avant tout un environnement dynamique et motivant. Une chance de pouvoir organiser soi-m\u00eame son activit\u00e9 quotidienne et de pouvoir mener en toute autonomie des travaux \u00e0 la port\u00e9e de ses comp\u00e9tences. Travailler chez Ergosum, c\u2019est avoir des interactions avec des interlocuteurs aux comp\u00e9tences vari\u00e9es et [&hellip;]","og_url":"https:\/\/www.ergosum.fr\/index.php\/recrutement\/","og_site_name":"ERGOSUM","article_modified_time":"2023-01-19T08:54:24+00:00","og_image":[{"url":"https:\/\/www.ergosum.fr\/wp-content\/uploads\/2019\/05\/carriere-photo-min.jpg"}],"twitter_card":"summary_large_image","twitter_misc":{"Dur\u00e9e de lecture estim\u00e9e":"1 minute"},"schema":{"@context":"https:\/\/schema.org","@graph":[{"@type":"WebPage","@id":"https:\/\/www.ergosum.fr\/index.php\/recrutement\/","url":"https:\/\/www.ergosum.fr\/index.php\/recrutement\/","name":"Recrutement - ERGOSUM","isPartOf":{"@id":"https:\/\/www.ergosum.fr\/#website"},"datePublished":"2019-05-17T07:04:16+00:00","dateModified":"2023-01-19T08:54:24+00:00","breadcrumb":{"@id":"https:\/\/www.ergosum.fr\/index.php\/recrutement\/#breadcrumb"},"inLanguage":"fr-FR","potentialAction":[{"@type":"ReadAction","target":["https:\/\/www.ergosum.fr\/index.php\/recrutement\/"]}]},{"@type":"BreadcrumbList","@id":"https:\/\/www.ergosum.fr\/index.php\/recrutement\/#breadcrumb","itemListElement":[{"@type":"ListItem","position":1,"name":"Accueil","item":"https:\/\/www.ergosum.fr\/"},{"@type":"ListItem","position":2,"name":"Recrutement"}]},{"@type":"WebSite","@id":"https:\/\/www.ergosum.fr\/#website","url":"https:\/\/www.ergosum.fr\/","name":"ERGOSUM","description":"Agence int\u00e9ractive","publisher":{"@id":"https:\/\/www.ergosum.fr\/#organization"},"potentialAction":[{"@type":"SearchAction","target":{"@type":"EntryPoint","urlTemplate":"https:\/\/www.ergosum.fr\/?s={search_term_string}"},"query-input":"required name=search_term_string"}],"inLanguage":"fr-FR"},{"@type":"Organization","@id":"https:\/\/www.ergosum.fr\/#organization","name":"ERGOSUM","url":"https:\/\/www.ergosum.fr\/","logo":{"@type":"ImageObject","inLanguage":"fr-FR","@id":"https:\/\/www.ergosum.fr\/#\/schema\/logo\/image\/","url":"https:\/\/www.ergosum.fr\/wp-content\/uploads\/2019\/06\/logo_ergosum.png","contentUrl":"https:\/\/www.ergosum.fr\/wp-content\/uploads\/2019\/06\/logo_ergosum.png","width":665,"height":182,"caption":"ERGOSUM"},"image":{"@id":"https:\/\/www.ergosum.fr\/#\/schema\/logo\/image\/"}}]}},"_links":{"self":[{"href":"https:\/\/www.ergosum.fr\/index.php\/wp-json\/wp\/v2\/pages\/68"}],"collection":[{"href":"https:\/\/www.ergosum.fr\/index.php\/wp-json\/wp\/v2\/pages"}],"about":[{"href":"https:\/\/www.ergosum.fr\/index.php\/wp-json\/wp\/v2\/types\/page"}],"author":[{"embeddable":true,"href":"https:\/\/www.ergosum.fr\/index.php\/wp-json\/wp\/v2\/users\/1"}],"replies":[{"embeddable":true,"href":"https:\/\/www.ergosum.fr\/index.php\/wp-json\/wp\/v2\/comments?post=68"}],"version-history":[{"count":64,"href":"https:\/\/www.ergosum.fr\/index.php\/wp-json\/wp\/v2\/pages\/68\/revisions"}],"predecessor-version":[{"id":2856,"href":"https:\/\/www.ergosum.fr\/index.php\/wp-json\/wp\/v2\/pages\/68\/revisions\/2856"}],"wp:attachment":[{"href":"https:\/\/www.ergosum.fr\/index.php\/wp-json\/wp\/v2\/media?parent=68"}],"curies":[{"name":"wp","href":"https:\/\/api.w.org\/{rel}","templated":true}]}}